{"id":649,"date":"2023-02-28T17:14:01","date_gmt":"2023-02-28T17:14:01","guid":{"rendered":"https:\/\/www.simpleprojekt.pl\/?page_id=649"},"modified":"2023-02-28T17:40:18","modified_gmt":"2023-02-28T17:40:18","slug":"dotacje-2","status":"publish","type":"page","link":"https:\/\/www.simpleprojekt.pl\/?page_id=649","title":{"rendered":"Dotacje"},"content":{"rendered":"\r\n<figure class=\"wp-block-image aligncenter size-large is-resized\"><img decoding=\"async\" loading=\"lazy\" class=\"wp-image-648\" src=\"https:\/\/www.simpleprojekt.pl\/wp-content\/uploads\/2023\/02\/dotacje-1024x149.png\" alt=\"\" width=\"652\" height=\"95\" srcset=\"https:\/\/www.simpleprojekt.pl\/wp-content\/uploads\/2023\/02\/dotacje-1024x149.png 1024w, https:\/\/www.simpleprojekt.pl\/wp-content\/uploads\/2023\/02\/dotacje-300x44.png 300w, https:\/\/www.simpleprojekt.pl\/wp-content\/uploads\/2023\/02\/dotacje-768x112.png 768w, https:\/\/www.simpleprojekt.pl\/wp-content\/uploads\/2023\/02\/dotacje-1120x163.png 1120w, https:\/\/www.simpleprojekt.pl\/wp-content\/uploads\/2023\/02\/dotacje-640x93.png 640w, https:\/\/www.simpleprojekt.pl\/wp-content\/uploads\/2023\/02\/dotacje.png 1306w\" sizes=\"(max-width: 652px) 100vw, 652px\" \/>\r\n<figcaption><br \/><br \/><\/figcaption>\r\n<\/figure>\r\n\r\n\r\n\r\n<h2 class=\"has-text-align-center\">\u201eEuropejski Fundusz Rolny na rzecz Rozwoju Obszar\u00f3w Wiejskich: Europa inwestuj\u0105ca w obszary wiejskie&#8221;<\/h2>\r\n\r\n\r\n\r\n<p class=\"has-text-align-center\">Operacja \u201eWzrost przedsi\u0119biorczo\u015bci poprzez utworzenie nowego przedsi\u0119biorstwa Simple Projekt\u201d wsp\u00f3\u0142finansowana jest ze \u015brodk\u00f3w Unii Europejskiej w ramach dzia\u0142ania:\u00a0<\/p>\r\n\r\n\r\n\r\n<p class=\"has-text-align-center\">19.2 \u201eWsparcie na wdra\u017caniem operacji w ramach rozwoju lokalnego kierowanego przez spo\u0142eczno\u015b\u0107\u201d Programu Rozwoju Obszar\u00f3w Wiejskich na lata 2014-2020.\u00a0<\/p>\r\n\r\n\r\n\r\n<p class=\"has-text-align-center\">Celem operacji jest utworzenie dzia\u0142alno\u015bci gospodarczej w zakresie \u015bwiadczenia us\u0142ug projektowania wn\u0119trz.<\/p>\r\n","protected":false},"excerpt":{"rendered":"<p>\u201eEuropejski Fundusz Rolny na rzecz Rozwoju Obszar\u00f3w Wiejskich: Europa inwestuj\u0105ca w obszary wiejskie&#8221; Operacja \u201eWzrost przedsi\u0119biorczo\u015bci poprzez utworzenie&#8230; <a class=\"excerpt-read-more\" href=\"https:\/\/www.simpleprojekt.pl\/?page_id=649\"><span>Read More<\/span><\/a><\/p>\n","protected":false},"author":1,"featured_media":0,"parent":0,"menu_order":0,"comment_status":"closed","ping_status":"closed","template":"","meta":[],"_links":{"self":[{"href":"https:\/\/www.simpleprojekt.pl\/index.php?rest_route=\/wp\/v2\/pages\/649"}],"collection":[{"href":"https:\/\/www.simpleprojekt.pl\/index.php?rest_route=\/wp\/v2\/pages"}],"about":[{"href":"https:\/\/www.simpleprojekt.pl\/index.php?rest_route=\/wp\/v2\/types\/page"}],"author":[{"embeddable":true,"href":"https:\/\/www.simpleprojekt.pl\/index.php?rest_route=\/wp\/v2\/users\/1"}],"replies":[{"embeddable":true,"href":"https:\/\/www.simpleprojekt.pl\/index.php?rest_route=%2Fwp%2Fv2%2Fcomments&post=649"}],"version-history":[{"count":4,"href":"https:\/\/www.simpleprojekt.pl\/index.php?rest_route=\/wp\/v2\/pages\/649\/revisions"}],"predecessor-version":[{"id":661,"href":"https:\/\/www.simpleprojekt.pl\/index.php?rest_route=\/wp\/v2\/pages\/649\/revisions\/661"}],"wp:attachment":[{"href":"https:\/\/www.simpleprojekt.pl\/index.php?rest_route=%2Fwp%2Fv2%2Fmedia&parent=649"}],"curies":[{"name":"wp","href":"https:\/\/api.w.org\/{rel}","templated":true}]}}