{"id":370,"date":"2020-04-22T12:14:24","date_gmt":"2020-04-22T12:14:24","guid":{"rendered":"http:\/\/hrappka-wp.local\/?page_id=370"},"modified":"2023-02-28T19:01:00","modified_gmt":"2023-02-28T19:01:00","slug":"proces-pracy","status":"publish","type":"page","link":"https:\/\/www.simpleprojekt.pl\/?page_id=370","title":{"rendered":"Proces pracy"},"content":{"rendered":"<p>[vc_row full_width=&#8221;stretch_row&#8221; full_height=&#8221;yes&#8221; parallax=&#8221;content-moving-fade&#8221; css=&#8221;.vc_custom_1677610858813{margin-top: -160px !important;padding-top: 9vh !important;background-image: url(https:\/\/www.simpleprojekt.pl\/wp-content\/uploads\/2020\/06\/corten-scaled.jpg?id=608) !important;background-position: center;background-repeat: no-repeat !important;background-size: cover !important;}&#8221;][vc_column]<div class=\"title-center\"><div class=\"dt-title-wrapper section-title-big style-1\"><h2 class=\"section-title\">JAK PRACUJ\u0118?<\/h2><svg class=\"zigzag\" version=\"1.1\" xmlns=\"http:\/\/www.w3.org\/2000\/svg\" xmlns:xlink=\"http:\/\/www.w3.org\/1999\/xlink\" preserveAspectRatio=\"xMidYMid meet\" viewBox=\"0 0 90 8\" width=\"90\" height=\"8\"><defs><path d=\"M90 8L82.5 0L75 8L67.5 0L60 8L52.5 0L45 8L37.5 0L30 8L22.5 0L15 8L7.5 0L0 8\" id=\"a6L8UcKib\"><\/path><\/defs><g><g><use xlink:href=\"#a6L8UcKib\" opacity=\"1\" fill-opacity=\"0\" stroke=\"#000000\" stroke-width=\"1\" stroke-opacity=\"1\"><\/use><\/g><\/g><\/svg><\/div><\/div>[vc_row_inner css=&#8221;.vc_custom_1589869698524{padding-top: 20vh !important;}&#8221;][vc_column_inner][vc_raw_html]JTNDZGl2JTIwY2xhc3MlM0QlMjJzY3JvbGwtZG93bnMlMjIlM0UlMEElMjAlMjAlM0NkaXYlMjBjbGFzcyUzRCUyMm1vdXNleSUyMiUzRSUwQSUyMCUyMCUyMCUyMCUzQ2RpdiUyMGNsYXNzJTNEJTIyc2Nyb2xsZXIlMjIlM0UlM0MlMkZkaXYlM0UlMEElMjAlMjAlM0MlMkZkaXYlM0UlMEElM0MlMkZkaXYlM0U=[\/vc_raw_html][\/vc_column_inner][\/vc_row_inner][\/vc_column][\/vc_row][vc_row full_width=&#8221;stretch_row&#8221; equal_height=&#8221;yes&#8221; parallax=&#8221;content-moving&#8221; parallax_image=&#8221;144&#8243; parallax_speed_bg=&#8221;2&#8243; css=&#8221;.vc_custom_1589547236645{padding-top: 100px !important;padding-bottom: 100px !important;}&#8221; el_id=&#8221;about&#8221;][vc_column css=&#8221;.vc_custom_1495452732105{padding-top: 0px !important;}&#8221;][vc_row_inner gap=&#8221;25&#8243; css=&#8221;.vc_custom_1589547267170{margin-right: 5% !important;margin-left: 5% !important;}&#8221;][vc_column_inner]<div class=\"process-item-wrapper alternative wow fadeInUp\" data-wow-delay=\"0.9s\"><span class=\"process-item-symbol\"><span>01<\/span><\/span><h3 class=\"process-item-title\"><span class=\"pi-title\">POZNAJMY SI\u0118<\/span><\/h3><div class=\"process-item-content\"><\/p>\n<p class=\"p2\"><span class=\"s1\">Pierwszy etap to rozmowa z Klientem podczas kt\u00f3rego, zadaj\u0119 du\u017co pyta\u0144. Interesuje mnie kto b\u0119dzie korzysta\u0142 z przestrzeni kt\u00f3r\u0105 projektuj\u0119. Jaki jest Pa\u0144stwa styl \u017cycia, i jak przek\u0142ada si\u0119 na potrzeby wszystkich u\u017cytkownik\u00f3w a tym samym na rozwi\u0105zania funkcjonalne.<\/span><\/p>\n<p class=\"p2\"><span class=\"s1\">Nast\u0119pnie analizujemy przestrze\u0144 pod k\u0105tem mo\u017cliwo\u015bci wprowadzenia tych rozwi\u0105za\u0144 i<span class=\"Apple-converted-space\">\u00a0 <\/span>funkcji ale tak\u017ce rozmawiamy o bardziej przyjemnych rzeczach takich jak kolorystyka i materia\u0142y, nie omijaj\u0105c oczywi\u015bcie wa\u017cnego tematu jakim s\u0105 Pa\u0144stwa marzenia. Na koniec rozmawiamy o bud\u017cecie. Dzi\u0119ki wnikliwemu poznaniu potrzeb Klienta i zrozumieniu jego sposobu \u017cycia i patrzenia na \u015bwiat, macie Pa\u0144stwo gwarancj\u0119 stworzenia wn\u0119trza \u201euszytego\u201d na miar\u0119. <\/span><\/p>\n<p><\/div><\/div><div class=\"process-item-wrapper alternative wow fadeInUp\" data-wow-delay=\"0.9s\"><span class=\"process-item-symbol\"><span>02<\/span><\/span><h3 class=\"process-item-title\"><span class=\"pi-title\">INWENTARYZACJA<\/span><\/h3><div class=\"process-item-content\"><\/p>\n<p class=\"p1\"><span class=\"s1\">Kolejnym krokiem jest inwentaryzacja wn\u0119trz. Na tym etapie dokonuj\u0119 szczeg\u00f3\u0142owych pomiar\u00f3w wn\u0119trza oraz przygotowuj\u0119 dokumentacj\u0119 fotograficzn\u0105. Je\u017celi projekt budynku jest jeszcze na etapie realizacji, przygotowuj\u0119 koncepcj\u0119 pracuj\u0105c na dostarczonych przez Klienta lub Architekta projektach a inwentaryzacj\u0119 oraz dostosowanie koncepcji wykonuj\u0119 przed etapem realizacji.<\/span><\/p>\n<p><\/div><\/div><div class=\"process-item-wrapper alternative wow fadeInUp\" data-wow-delay=\"0.9s\"><span class=\"process-item-symbol\"><span>03<\/span><\/span><h3 class=\"process-item-title\"><span class=\"pi-title\">MODEL 3D<\/span><\/h3><div class=\"process-item-content\"><\/p>\n<p class=\"p1\"><span class=\"s1\">Na bazie inwentaryzacji lub projektu przygotowuj\u0119 model 3D, kt\u00f3ry jest dla mnie baz\u0105 do tworzenia koncepcji. <\/span><\/p>\n<p><\/div><\/div><div class=\"process-item-wrapper alternative wow fadeInUp\" data-wow-delay=\"0.9s\"><span class=\"process-item-symbol\"><span>04<\/span><\/span><h3 class=\"process-item-title\"><span class=\"pi-title\">KONCEPCJA<\/span><\/h3><div class=\"process-item-content\"><\/p>\n<p class=\"p1\"><span class=\"s1\">To etap podczas kt\u00f3rego powstaje koncepcja funkcjonalno\u015bci wn\u0119trz, je\u015bli jest taka konieczno\u015b\u0107 na tym etapie dokonuj\u0119 zmian funkcji pomieszcze\u0144, po\u0142o\u017cenia \u015bcian, dostosowuj\u0105c je do oczekiwa\u0144, do\u015bwiadcze\u0144 a cz\u0119sto te\u017c przyzwyczaje\u0144 Klienta. To w\u0142a\u015bnie na tym etapie powstaje architektura wn\u0119trza. <\/span><\/p>\n<p class=\"p1\"><span class=\"s1\">Kiedy wst\u0119pna koncepcja jest ju\u017c gotowa, prezentuj\u0119 j\u0105 Klientowi przy wykorzystaniu modelu 3D, kt\u00f3ry pomaga bardziej zrozumie\u0107 logik\u0119 przestrzeni. <\/span><\/p>\n<p><\/div><\/div><div class=\"process-item-wrapper alternative wow fadeInUp\" data-wow-delay=\"0.9s\"><span class=\"process-item-symbol\"><span>05<\/span><\/span><h3 class=\"process-item-title\"><span class=\"pi-title\">WIZUALIZACJA<\/span><\/h3><div class=\"process-item-content\"><\/p>\n<p class=\"p2\"><span class=\"s1\">Po wybraniu ostatecznej wersji funkcjonalnej tworz\u0119 foto realistyczne wizualizacje wn\u0119trz. Dzi\u0119ki temu zobaczycie Pa\u0144stwo jaki b\u0119dzie efekt po zako\u0144czeniu inwestycji.<\/span><\/p>\n<p><\/div><\/div><div class=\"process-item-wrapper alternative wow fadeInUp\" data-wow-delay=\"0.9s\"><span class=\"process-item-symbol\"><span>06<\/span><\/span><h3 class=\"process-item-title\"><span class=\"pi-title\">KOSZTORYS<\/span><\/h3><div class=\"process-item-content\"><\/p>\n<p class=\"p1\"><span class=\"s1\">Po zaakceptowaniu wariantu funkcjonalnego powstaje kosztorys. W kosztorysie znajduj\u0105 si\u0119 szczeg\u00f3\u0142owe informacje dotycz\u0105ce cen, wyposa\u017cenia, dostawc\u00f3w.<\/span><\/p>\n<p><\/div><\/div><div class=\"process-item-wrapper alternative wow fadeInUp\" data-wow-delay=\"0.9s\"><span class=\"process-item-symbol\"><span>07<\/span><\/span><h3 class=\"process-item-title\"><span class=\"pi-title\">PROJEKT WYKONAWCZY<\/span><\/h3><div class=\"process-item-content\"><\/p>\n<p class=\"p1\"><span class=\"s1\">Kiedy koncepcja i bud\u017cet s\u0105 zaakceptowane powstaje docelowy projekt wykonawczy. Niezb\u0119dne rzuty do przebudowy \u015bcian, elektryki, hydrauliki czy rzuty mebli dla stolarza.<\/span><\/p>\n<p class=\"p1\"><span class=\"s1\">Jestem tak\u017ce do dyspozycji innych projektant\u00f3w (systemy inteligentne, nag\u0142o\u015bnienie, itp.) aby wypracowa\u0107 wsp\u00f3lne, satysfakcjonuj\u0105ce rozwi\u0105zania.<\/span><\/p>\n<p><\/div><\/div><div class=\"process-item-wrapper alternative wow fadeInUp\" data-wow-delay=\"0.9s\"><span class=\"process-item-symbol\"><span>08<\/span><\/span><h3 class=\"process-item-title\"><span class=\"pi-title\">NADZ\u00d3R I ODBIORY<\/span><\/h3><div class=\"process-item-content\"><\/p>\n<p class=\"p1\"><span class=\"s1\">Na etapie realizacji sprawuj\u0119 nadz\u00f3r autorski nad projektem oraz jestem w sta\u0142ym kontakcie z Inwestorem i ekipami wykonawczymi. Dokonuj\u0119 tak\u017ce odbior\u00f3w realizacji poszczeg\u00f3lnych etap\u00f3w prac.<\/span><\/p>\n<p><\/div><\/div><div class=\"process-item-wrapper alternative wow fadeInUp\" data-wow-delay=\"0.9s\"><span class=\"process-item-symbol\"><span>09<\/span><\/span><h3 class=\"process-item-title\"><span class=\"pi-title\">ZAKO\u0143CZENIE INWESTYCJI<\/span><\/h3><div class=\"process-item-content\"><\/p>\n<p class=\"p1\"><span class=\"s1\">To najbardziej wzruszaj\u0105cy moment, poniewa\u017c na tym etapie mo\u017cemy zobaczy\u0107 wreszcie efekty pracy wszystkich os\u00f3b, kt\u00f3re uczestniczy\u0142y w<span class=\"Apple-converted-space\">\u00a0 <\/span>projekcie. <\/span><\/p>\n<p class=\"p1\"><span class=\"s1\">A tak\u017ce czas najwi\u0119kszej satysfakcji z zadowolenia Klienta.<\/span><\/p>\n<p><\/div><\/div>[\/vc_column_inner][\/vc_row_inner][\/vc_column][\/vc_row]<\/p>\n","protected":false},"excerpt":{"rendered":"<p>[vc_row full_width=&#8221;stretch_row&#8221; full_height=&#8221;yes&#8221; parallax=&#8221;content-moving-fade&#8221; css=&#8221;.vc_custom_1677610858813{margin-top: -160px !important;padding-top: 9vh !important;background-image: url(https:\/\/www.simpleprojekt.pl\/wp-content\/uploads\/2020\/06\/corten-scaled.jpg?id=608) !important;background-position: center;background-repeat: no-repeat !important;background-size: cover !important;}&#8221;][vc_column][vc_row_inner css=&#8221;.vc_custom_1589869698524{padding-top: 20vh&#8230; <a class=\"excerpt-read-more\" href=\"https:\/\/www.simpleprojekt.pl\/?page_id=370\"><span>Read More<\/span><\/a><\/p>\n","protected":false},"author":1,"featured_media":0,"parent":0,"menu_order":0,"comment_status":"closed","ping_status":"closed","template":"template-homepage.php","meta":[],"_links":{"self":[{"href":"https:\/\/www.simpleprojekt.pl\/index.php?rest_route=\/wp\/v2\/pages\/370"}],"collection":[{"href":"https:\/\/www.simpleprojekt.pl\/index.php?rest_route=\/wp\/v2\/pages"}],"about":[{"href":"https:\/\/www.simpleprojekt.pl\/index.php?rest_route=\/wp\/v2\/types\/page"}],"author":[{"embeddable":true,"href":"https:\/\/www.simpleprojekt.pl\/index.php?rest_route=\/wp\/v2\/users\/1"}],"replies":[{"embeddable":true,"href":"https:\/\/www.simpleprojekt.pl\/index.php?rest_route=%2Fwp%2Fv2%2Fcomments&post=370"}],"version-history":[{"count":28,"href":"https:\/\/www.simpleprojekt.pl\/index.php?rest_route=\/wp\/v2\/pages\/370\/revisions"}],"predecessor-version":[{"id":720,"href":"https:\/\/www.simpleprojekt.pl\/index.php?rest_route=\/wp\/v2\/pages\/370\/revisions\/720"}],"wp:attachment":[{"href":"https:\/\/www.simpleprojekt.pl\/index.php?rest_route=%2Fwp%2Fv2%2Fmedia&parent=370"}],"curies":[{"name":"wp","href":"https:\/\/api.w.org\/{rel}","templated":true}]}}