{"id":330,"date":"2017-06-03T18:45:27","date_gmt":"2017-06-03T16:45:27","guid":{"rendered":"https:\/\/dev.deliciousthemes.com\/mora\/?page_id=5"},"modified":"2023-03-03T08:55:14","modified_gmt":"2023-03-03T08:55:14","slug":"homepage-one-page-image-slider","status":"publish","type":"page","link":"https:\/\/www.simpleprojekt.pl\/","title":{"rendered":"G\u0141\u00d3WNA"},"content":{"rendered":"<p>[vc_row][vc_column][rev_slider_vc alias=&#8221;mora&#8221;][\/vc_column][\/vc_row][vc_row full_width=&#8221;stretch_row&#8221; css=&#8221;.vc_custom_1589538137471{padding-top: 100px !important;padding-bottom: 120px !important;background-color: #000000 !important;}&#8221; el_id=&#8221;projects&#8221;][vc_column 0=&#8221;&#8221;]<div class=\"title-center\"><div class=\"dt-title-wrapper section-title-big style-2\"><h2 class=\"section-title\">O MNIE<\/h2><svg class=\"zigzag\" version=\"1.1\" xmlns=\"http:\/\/www.w3.org\/2000\/svg\" xmlns:xlink=\"http:\/\/www.w3.org\/1999\/xlink\" preserveAspectRatio=\"xMidYMid meet\" viewBox=\"0 0 90 8\" width=\"90\" height=\"8\"><defs><path d=\"M90 8L82.5 0L75 8L67.5 0L60 8L52.5 0L45 8L37.5 0L30 8L22.5 0L15 8L7.5 0L0 8\" id=\"a6L8UcKib\"><\/path><\/defs><g><g><use xlink:href=\"#a6L8UcKib\" opacity=\"1\" fill-opacity=\"0\" stroke=\"#000000\" stroke-width=\"1\" stroke-opacity=\"1\"><\/use><\/g><\/g><\/svg><\/div><\/div>[vc_row_inner equal_height=&#8221;yes&#8221;][vc_column_inner width=&#8221;1\/4&#8243;][vc_single_image image=&#8221;716&#8243; img_size=&#8221;full&#8221;][\/vc_column_inner][vc_column_inner width=&#8221;3\/4&#8243;][vc_column_text]<\/p>\n<div style=\"color: white; text-align: justify;\">\n<p class=\"p1\" style=\"text-align: center;\"><span class=\"s1\">Pracownia Simple Projekt powsta\u0142a z mi\u0142o\u015bci do pi\u0119knych wn\u0119trz wype\u0142nionych pi\u0119knymi przedmiotami. Przez kilkana\u015bcie lat moje \u017cycie zawodowe zwi\u0105zane by\u0142o z bankowo\u015bci\u0105, gdzie pe\u0142ni\u0142am r\u00f3\u017cne funkcje zarz\u0105dcze. Zawsze jednak bardzo bliskie by\u0142y mi obszary zwi\u0105zane z designem, sztuk\u0105 i mod\u0105. Postanowi\u0142am p\u00f3j\u015b\u0107 za g\u0142osem serca, efektem czego by\u0142y studia na Akademii Sztuk Pi\u0119knych w \u0141odzi na Wydziale Wzornictwa i Architektury Wn\u0119trz.\u00a0<\/span><\/p>\n<p class=\"p1\" style=\"text-align: center;\"><span class=\"s1\">I tak<span class=\"Apple-converted-space\">\u00a0 <\/span>moja pasja sta\u0142a si\u0119 moim zawodem. <\/span><\/p>\n<p class=\"p1\" style=\"text-align: center;\"><span class=\"s1\">W tym co robi\u0119 skupiam si\u0119 w wi\u0119kszo\u015bci na wsp\u00f3\u0142pracy z Klientem Indywidualnym a proces wsp\u00f3\u0142pracy oparty jest o metodyczny model uwzgl\u0119dniaj\u0105cy przede wszystkim oczekiwania Klienta, wsp\u00f3lne poczucie estetyki oraz obowi\u0105zuj\u0105ce trendy.<\/span><\/p>\n<p class=\"p1\" style=\"text-align: center;\"><span class=\"s1\">Projekty wn\u0119trz, kt\u00f3re tworz\u0119 cechuje prostota, funkcjonalno\u015b\u0107, czysto\u015b\u0107 formy, dba\u0142o\u015b\u0107 o kompozycj\u0119 i proporcje przy wykorzystaniu wysokiej jako\u015bci materia\u0142\u00f3w. Mam g\u0142\u0119bokie przekonanie, \u017ce to czym otaczamy si\u0119 wp\u0142ywa na to jacy jeste\u015bmy, dlatego tworz\u0119 uwa\u017cnie s\u0142uchaj\u0105c potrzeb, tak aby kreowane przeze mnie miejsca<span class=\"Apple-converted-space\">\u00a0 <\/span>przez lata dawa\u0142y moim klientom codzienn\u0105 rado\u015b\u0107, energi\u0119 i przyjemno\u015b\u0107 p\u0142yn\u0105c\u0105 z przebywania w nich.<\/span><\/p>\n<\/div>\n<p>[\/vc_column_text][vc_single_image image=&#8221;637&#8243; img_size=&#8221;medium&#8221; alignment=&#8221;right&#8221;][\/vc_column_inner][\/vc_row_inner][\/vc_column][\/vc_row][vc_row css=&#8221;.vc_custom_1589544009752{margin-top: 40px !important;}&#8221;][vc_column]<div class=\"title-center\"><div class=\"dt-title-wrapper section-title-big style-1\"><h2 class=\"section-title\">MOJE WARTO\u015aCI<\/h2><svg class=\"zigzag\" version=\"1.1\" xmlns=\"http:\/\/www.w3.org\/2000\/svg\" xmlns:xlink=\"http:\/\/www.w3.org\/1999\/xlink\" preserveAspectRatio=\"xMidYMid meet\" viewBox=\"0 0 90 8\" width=\"90\" height=\"8\"><defs><path d=\"M90 8L82.5 0L75 8L67.5 0L60 8L52.5 0L45 8L37.5 0L30 8L22.5 0L15 8L7.5 0L0 8\" id=\"a6L8UcKib\"><\/path><\/defs><g><g><use xlink:href=\"#a6L8UcKib\" opacity=\"1\" fill-opacity=\"0\" stroke=\"#000000\" stroke-width=\"1\" stroke-opacity=\"1\"><\/use><\/g><\/g><\/svg><\/div><\/div>[\/vc_column][\/vc_row][vc_row css=&#8221;.vc_custom_1591341579989{margin-right: 10% !important;margin-left: 10% !important;}&#8221;][vc_column]<div class=\"process-item-wrapper alternative wow fadeInUp\" ><span class=\"process-item-symbol\"><span>01<\/span><\/span><h3 class=\"process-item-title\"><span class=\"pi-title\">Otwarcie na Klienta<\/span><\/h3><div class=\"process-item-content\"><span style=\"font-weight: 400;\">Zawsze s\u0142ucham i s\u0142ysz\u0119 potrzeby moich Klient\u00f3w oraz wychodz\u0119 naprzeciw Ich oczekiwaniom.<\/span><\/div><\/div><div class=\"process-item-wrapper alternative wow fadeInUp\" data-wow-delay=\"0.3s\"><span class=\"process-item-symbol\"><span>02<\/span><\/span><h3 class=\"process-item-title\"><span class=\"pi-title\">Wsp\u00f3\u0142praca<\/span><\/h3><div class=\"process-item-content\"><\/p>\n<p class=\"p1\"><span class=\"s1\">Aktywnie wsp\u00f3\u0142pracuj\u0119 ze wszystkimi osobami, kt\u00f3re maj\u0105 wp\u0142yw i s\u0105 odpowiedzialne za realizowanie projektu.<\/span><\/p>\n<p><\/div><\/div><div class=\"process-item-wrapper alternative wow fadeInUp\" data-wow-delay=\"0.6s\"><span class=\"process-item-symbol\"><span>03<\/span><\/span><h3 class=\"process-item-title\"><span class=\"pi-title\">Funkcjonalno\u015b\u0107 i prostota<\/span><\/h3><div class=\"process-item-content\"><\/p>\n<p class=\"p1\"><span class=\"s1\">Projektuj\u0119 w spos\u00f3b najbardziej dopasowany i przemy\u015blany do potrzeb oraz funkcji a tak\u017ce odnosz\u0105cy si\u0119 do dotychczasowych do\u015bwiadcze\u0144 Klienta.<\/span><\/p>\n<p><\/div><\/div><div class=\"process-item-wrapper alternative wow fadeInUp\" data-wow-delay=\"0.3s\"><span class=\"process-item-symbol\"><span>04<\/span><\/span><h3 class=\"process-item-title\"><span class=\"pi-title\">Ekologia<\/span><\/h3><div class=\"process-item-content\"><\/p>\n<p class=\"p1\"><span class=\"s1\">D\u0105\u017c\u0119 do tego aby wykorzystywane w moich projektach materia\u0142y by\u0142y najwy\u017cszej jako\u015bci oraz pochodzi\u0142y z naturalnych surowc\u00f3w, dzi\u0119ki czemu s\u0142u\u017c\u0105 moim Klientom latami przyczyniaj\u0105c si\u0119 do racjonalnego wykorzystania naturalnych zasob\u00f3w Ziemi.<\/span><\/p>\n<p><\/div><\/div><div class=\"process-item-wrapper alternative wow fadeInUp\" data-wow-delay=\"0.9s\"><span class=\"process-item-symbol\"><span>05<\/span><\/span><h3 class=\"process-item-title\"><span class=\"pi-title\">Innowacyjno\u015b\u0107<\/span><\/h3><div class=\"process-item-content\"><span style=\"font-weight: 400;\">D\u0105\u017c\u0119 do tego aby moje projekty oparte by\u0142y o najnowocze\u015bniejsze rozwi\u0105zania i technologie.<\/span><\/div><\/div>[\/vc_column][\/vc_row][vc_row css=&#8221;.vc_custom_1591341613140{margin-top: 60px !important;}&#8221;][vc_column]<div class=\"title-center\"><div class=\"dt-title-wrapper section-title-big style-1\"><h2 class=\"section-title\">REALIZACJE<\/h2><svg class=\"zigzag\" version=\"1.1\" xmlns=\"http:\/\/www.w3.org\/2000\/svg\" xmlns:xlink=\"http:\/\/www.w3.org\/1999\/xlink\" preserveAspectRatio=\"xMidYMid meet\" viewBox=\"0 0 90 8\" width=\"90\" height=\"8\"><defs><path d=\"M90 8L82.5 0L75 8L67.5 0L60 8L52.5 0L45 8L37.5 0L30 8L22.5 0L15 8L7.5 0L0 8\" id=\"a6L8UcKib\"><\/path><\/defs><g><g><use xlink:href=\"#a6L8UcKib\" opacity=\"1\" fill-opacity=\"0\" stroke=\"#000000\" stroke-width=\"1\" stroke-opacity=\"1\"><\/use><\/g><\/g><\/svg><\/div><\/div><div class=\"portfolio-slider-wrapper\"><div class=\"image-caption\"><\/div><div id=\"owl-slider-dfd\" class=\"owl-carousel portfolio-slider mfp-gallery\" data-token=\"4wDML\"><div class=\"slider-item\"><a title=\"\" href=\"\" class=\"not-link dt-lightbox-gallery\"><\/a><\/div><\/div><\/div>[vc_row_inner][vc_column_inner]<section class=\"delicious-grid  trigger-\" id=\"gridwrapper_ebf\" data-token=\"MwnX4\"><div class=\"grid-meta align-center\"><section id=\"filter_options\" class=\"centered-wrapper dt-hide-filters\"><ul id=\"filters\" class=\"option-set clearfix\" data-option-key=\"filter\"><li class=\"all-projects\"><a data-filter=\"*\" class=\"selected\">All<\/a><\/li><\/ul><\/section><\/div><div class=\"half-space\"><\/div><section id=\"portfolio-wrapper\"><ul class=\"portfolio dt-gap-5 isotope text-on-thumbnail style-all mfp-gallery grid_ebf\"><li class=\" grid-item dt-project-829  item-small masonry dark-captions text-on-thumbnail\"><\/li><li class=\" grid-item dt-project-821  item-small masonry dark-captions text-on-thumbnail\"><\/li><li class=\" grid-item dt-project-817  item-small masonry dark-captions text-on-thumbnail\"><\/li><li class=\" grid-item dt-project-803  item-small masonry dark-captions text-on-thumbnail\"><\/li><li class=\" grid-item dt-project-799  item-small masonry dark-captions text-on-thumbnail\"><\/li><li class=\" grid-item dt-project-794  item-small masonry dark-captions text-on-thumbnail\"><\/li><\/ul><\/section><\/section>[\/vc_column_inner][\/vc_row_inner][\/vc_column][\/vc_row][vc_row css=&#8221;.vc_custom_1677828222446{padding-top: 100px !important;padding-bottom: 40px !important;}&#8221; el_id=&#8221;contact&#8221;][vc_column]<div class=\"title-center\"><div class=\"dt-title-wrapper section-title-big style-1\"><h2 class=\"section-title\">KONTAKT<\/h2><svg class=\"zigzag\" version=\"1.1\" xmlns=\"http:\/\/www.w3.org\/2000\/svg\" xmlns:xlink=\"http:\/\/www.w3.org\/1999\/xlink\" preserveAspectRatio=\"xMidYMid meet\" viewBox=\"0 0 90 8\" width=\"90\" height=\"8\"><defs><path d=\"M90 8L82.5 0L75 8L67.5 0L60 8L52.5 0L45 8L37.5 0L30 8L22.5 0L15 8L7.5 0L0 8\" id=\"a6L8UcKib\"><\/path><\/defs><g><g><use xlink:href=\"#a6L8UcKib\" opacity=\"1\" fill-opacity=\"0\" stroke=\"#000000\" stroke-width=\"1\" stroke-opacity=\"1\"><\/use><\/g><\/g><\/svg><\/div><\/div>[vc_empty_space height=&#8221;60px&#8221;][vc_row_inner el_id=&#8221;contactinfo&#8221;][vc_column_inner el_class=&#8221;aligncenter&#8221; width=&#8221;1\/3&#8243; dt_animation=&#8221;wow fadeInUp&#8221;][vc_icon icon_fontawesome=&#8221;fa fa-phone&#8221; color=&#8221;custom&#8221; background_style=&#8221;rounded-outline&#8221; background_color=&#8221;custom&#8221; size=&#8221;sm&#8221; align=&#8221;center&#8221; custom_color=&#8221;#303030&#8243; custom_background_color=&#8221;#303030&#8243;][vc_column_text 0=&#8221;&#8221;]+48 668\u00a0348\u00a0336[\/vc_column_text][\/vc_column_inner][vc_column_inner width=&#8221;1\/3&#8243; dt_animation=&#8221;wow fadeInUp&#8221;][vc_icon icon_fontawesome=&#8221;fa fa-envelope-o&#8221; color=&#8221;custom&#8221; background_style=&#8221;rounded-outline&#8221; background_color=&#8221;custom&#8221; size=&#8221;sm&#8221; align=&#8221;center&#8221; custom_color=&#8221;#303030&#8243; custom_background_color=&#8221;#303030&#8243;][vc_column_text 0=&#8221;&#8221;]<\/p>\n<p style=\"text-align: center;\"><a href=\"mailto:office@simpleprojekt.pl\" target=\"_blank\" rel=\"noopener noreferrer\">office@simpleprojekt.pl<\/a><\/p>\n<p>[\/vc_column_text][\/vc_column_inner][vc_column_inner width=&#8221;1\/3&#8243; dt_animation=&#8221;wow fadeInUp&#8221;][vc_icon icon_fontawesome=&#8221;fa fa-map-marker&#8221; color=&#8221;custom&#8221; background_style=&#8221;rounded-outline&#8221; background_color=&#8221;custom&#8221; size=&#8221;sm&#8221; align=&#8221;center&#8221; custom_color=&#8221;#303030&#8243; custom_background_color=&#8221;#303030&#8243;][vc_column_text 0=&#8221;&#8221;]<\/p>\n<p class=\"m_-1135362191034699239MsoListParagraph\" style=\"text-align: center; margin-bottom: 0px;\">Wilczopole 98d, 20-388 Lublin<\/p>\n<p class=\"m_-1135362191034699239MsoListParagraph\" style=\"text-align: center;\">Abramowicka 4, 20-442 Lublin<\/p>\n<p>[\/vc_column_text][\/vc_column_inner][\/vc_row_inner][\/vc_column][\/vc_row][vc_row full_width=&#8221;stretch_row_content_no_spaces&#8221; equal_height=&#8221;yes&#8221;][vc_column width=&#8221;1\/2&#8243; css=&#8221;.vc_custom_1474143316009{padding-top: 80px !important;padding-right: 75px !important;padding-bottom: 80px !important;padding-left: 75px !important;background-color: #fafafa !important;}&#8221;][vc_raw_html css=&#8221;.vc_custom_1587559477900{padding-right: 40px !important;padding-left: 40px !important;}&#8221;]JTNDZGl2JTIwY2xhc3MlM0QlMjJhbGlnbmNlbnRlciUyMiUzRSUwQSUzQ2g0JTIwY2xhc3MlM0QlMjJzbWFsbC10aXRsZSUyMiUzRVBvem5ham15JTIwc2klQzQlOTklM0MlMkZoNCUzRSUwQSUzQyUyRmRpdiUzRQ==[\/vc_raw_html]\n<div class=\"wpcf7 no-js\" id=\"wpcf7-f428-o1\" lang=\"en-US\" dir=\"ltr\">\n<div class=\"screen-reader-response\"><p role=\"status\" aria-live=\"polite\" aria-atomic=\"true\"><\/p> <ul><\/ul><\/div>\n<form action=\"\/index.php?rest_route=%2Fwp%2Fv2%2Fpages%2F330#wpcf7-f428-o1\" method=\"post\" class=\"wpcf7-form init\" aria-label=\"Contact form\" novalidate=\"novalidate\" data-status=\"init\">\n<div style=\"display: none;\">\n<input type=\"hidden\" name=\"_wpcf7\" value=\"428\" \/>\n<input type=\"hidden\" name=\"_wpcf7_version\" value=\"5.7.4\" \/>\n<input type=\"hidden\" name=\"_wpcf7_locale\" value=\"en_US\" \/>\n<input type=\"hidden\" name=\"_wpcf7_unit_tag\" value=\"wpcf7-f428-o1\" \/>\n<input type=\"hidden\" name=\"_wpcf7_container_post\" value=\"0\" \/>\n<input type=\"hidden\" name=\"_wpcf7_posted_data_hash\" value=\"\" \/>\n<\/div>\n<p><label> Imi\u0119 *<br \/>\n<span class=\"wpcf7-form-control-wrap\" data-name=\"your-name\"><input size=\"40\" class=\"wpcf7-form-control wpcf7-text wpcf7-validates-as-required\" aria-required=\"true\" aria-invalid=\"false\" value=\"\" type=\"text\" name=\"your-name\" \/><\/span> <\/label>\n<\/p>\n<p><label> Email *<br \/>\n<span class=\"wpcf7-form-control-wrap\" data-name=\"your-email\"><input size=\"40\" class=\"wpcf7-form-control wpcf7-text wpcf7-email wpcf7-validates-as-required wpcf7-validates-as-email\" aria-required=\"true\" aria-invalid=\"false\" value=\"\" type=\"email\" name=\"your-email\" \/><\/span> <\/label>\n<\/p>\n<p><label> Wiadomo\u015b\u0107<br \/>\n<span class=\"wpcf7-form-control-wrap\" data-name=\"your-message\"><textarea cols=\"40\" rows=\"10\" class=\"wpcf7-form-control wpcf7-textarea\" aria-invalid=\"false\" name=\"your-message\"><\/textarea><\/span> <\/label>\n<\/p>\n<p><input class=\"wpcf7-form-control has-spinner wpcf7-submit\" type=\"submit\" value=\"Wy\u015blij\" \/>\n<\/p><div class=\"wpcf7-response-output\" aria-hidden=\"true\"><\/div>\n<\/form>\n<\/div>\n[\/vc_column][vc_column width=&#8221;1\/2&#8243;]<div class=\"map-wrapper without-toggle\"  style=\"min-height: 300px\" id=\"delicious_map_ccd\" data-token=\"64N39\"><div id=\"google_map_ccd\"><\/div><\/div>[\/vc_column][\/vc_row][vc_column width=&#8221;1\/4&#8243;][\/vc_column][vc_column width=&#8221;1\/2&#8243;][\/vc_column][vc_column][\/vc_column]<\/p>\n","protected":false},"excerpt":{"rendered":"<p>[vc_row][vc_column][rev_slider_vc alias=&#8221;mora&#8221;][\/vc_column][\/vc_row][vc_row full_width=&#8221;stretch_row&#8221; css=&#8221;.vc_custom_1589538137471{padding-top: 100px !important;padding-bottom: 120px !important;background-color: #000000 !important;}&#8221; el_id=&#8221;projects&#8221;][vc_column 0=&#8221;&#8221;][vc_row_inner equal_height=&#8221;yes&#8221;][vc_column_inner width=&#8221;1\/4&#8243;][vc_single_image image=&#8221;716&#8243; img_size=&#8221;full&#8221;][\/vc_column_inner][vc_column_inner width=&#8221;3\/4&#8243;][vc_column_text] Pracownia&#8230; <a class=\"excerpt-read-more\" href=\"https:\/\/www.simpleprojekt.pl\/?portfolio=projekt-11\"><span>Read More<\/span><\/a><\/p>\n","protected":false},"author":1,"featured_media":0,"parent":0,"menu_order":0,"comment_status":"closed","ping_status":"closed","template":"template-homepage.php","meta":[],"_links":{"self":[{"href":"https:\/\/www.simpleprojekt.pl\/index.php?rest_route=\/wp\/v2\/pages\/330"}],"collection":[{"href":"https:\/\/www.simpleprojekt.pl\/index.php?rest_route=\/wp\/v2\/pages"}],"about":[{"href":"https:\/\/www.simpleprojekt.pl\/index.php?rest_route=\/wp\/v2\/types\/page"}],"author":[{"embeddable":true,"href":"https:\/\/www.simpleprojekt.pl\/index.php?rest_route=\/wp\/v2\/users\/1"}],"replies":[{"embeddable":true,"href":"https:\/\/www.simpleprojekt.pl\/index.php?rest_route=%2Fwp%2Fv2%2Fcomments&post=330"}],"version-history":[{"count":31,"href":"https:\/\/www.simpleprojekt.pl\/index.php?rest_route=\/wp\/v2\/pages\/330\/revisions"}],"predecessor-version":[{"id":722,"href":"https:\/\/www.simpleprojekt.pl\/index.php?rest_route=\/wp\/v2\/pages\/330\/revisions\/722"}],"wp:attachment":[{"href":"https:\/\/www.simpleprojekt.pl\/index.php?rest_route=%2Fwp%2Fv2%2Fmedia&parent=330"}],"curies":[{"name":"wp","href":"https:\/\/api.w.org\/{rel}","templated":true}]}}